{"id":791,"date":"2025-08-21T06:33:31","date_gmt":"2025-08-21T06:33:31","guid":{"rendered":"https:\/\/prowein.shop\/aviso-legal\/"},"modified":"2025-09-09T11:29:48","modified_gmt":"2025-09-09T11:29:48","slug":"aviso-legal","status":"publish","type":"page","link":"https:\/\/prowein.shop\/es\/aviso-legal\/","title":{"rendered":"Aviso legal"},"content":{"rendered":"\t\t<div data-elementor-type=\"wp-page\" data-elementor-id=\"791\" class=\"elementor elementor-791 elementor-167\" data-elementor-post-type=\"page\">\n\t\t\t\t<div class=\"elementor-element elementor-element-92f0cf0 e-flex e-con-boxed e-con e-parent\" data-id=\"92f0cf0\" data-element_type=\"container\" data-e-type=\"container\" data-settings=\"{&quot;jet_parallax_layout_list&quot;:[]}\">\n\t\t\t\t\t<div class=\"e-con-inner\">\n\t\t\t\t<div class=\"elementor-element elementor-element-23f6b3a elementor-widget elementor-widget-heading\" data-id=\"23f6b3a\" data-element_type=\"widget\" data-e-type=\"widget\" data-widget_type=\"heading.default\">\n\t\t\t\t\t<h2 class=\"elementor-heading-title elementor-size-default\">Aviso legal<\/h2>\t\t\t\t<\/div>\n\t\t<div class=\"elementor-element elementor-element-f442fae e-con-full e-flex e-con e-child\" data-id=\"f442fae\" data-element_type=\"container\" data-e-type=\"container\" data-settings=\"{&quot;jet_parallax_layout_list&quot;:[]}\">\n\t\t<div class=\"elementor-element elementor-element-727c013 e-con-full e-flex e-con e-child\" data-id=\"727c013\" data-element_type=\"container\" data-e-type=\"container\" data-settings=\"{&quot;jet_parallax_layout_list&quot;:[]}\">\n\t\t\t\t<div class=\"elementor-element elementor-element-28af3ef elementor-widget elementor-widget-text-editor\" data-id=\"28af3ef\" data-element_type=\"widget\" data-e-type=\"widget\" data-widget_type=\"text-editor.default\">\n\t\t\t\t\t\t\t\t\t<p><strong>Responsable:<\/strong><\/p><p>Event Rent GmbH<br>Robert-Bosch-Str. 32<br>D &#8211; 46397 Bocholt <\/p><p>T: +49 2871 21938-0<br>F: +49 2871 21938-29<br>E: <a href=\"mailto:in**@*******nt.de\" data-original-string=\"\/Stx1mI3AEYbNzlMn+MwIA==568Fto+C4UYjAPccSfRjDu9MWW3+F2n5Cr0CqbiIysA1Fc=\" title=\"Este contacto ha sido codificado por Anti-Spam by CleanTalk. Haz clic para decodificar. Para finalizar la decodificaci\u00f3n, aseg\u00farate de que JavaScript est\u00e1 activado en tu navegador.\"><span \n                data-original-string='ntnnQfnWgQQbtjpY+prXcQ==568qqAc4KB5apL9Kb+h1eiSKG+s54F6jDdbf2COTHMaCCs='\n                class='apbct-email-encoder'\n                title='Este contacto ha sido codificado por Anti-Spam by CleanTalk. Haz clic para decodificar. Para finalizar la decodificaci\u00f3n, aseg\u00farate de que JavaScript est\u00e1 activado en tu navegador.'>in<span class=\"apbct-blur\">**<\/span>@<span class=\"apbct-blur\">*******<\/span>nt.de<\/span><\/a><\/p><p>N\u00ba de registro mercantil: HRB 8478<br>C\u00e1mara: IHK Nordwestfalen<br>N\u00ba de identificaci\u00f3n a efectos del IVA seg\u00fan el art\u00edculo 27 a de la Ley del Impuesto sobre el Volumen de Negocio: 177 859 467<br>Gerentes: J\u00fcrgen Bungert &amp; Jens Bungert<\/p><p>Responsables del contenido editorial <br>Jens Bungert, Nele Lensing, Lena Reichenberg<\/p><p><strong>Resoluci\u00f3n de litigios en l\u00ednea de la UE<\/strong><br>La Comisi\u00f3n Europea facilita una plataforma de resoluci\u00f3n de litigios en l\u00ednea (RLL): https:\/\/ec.europa.eu\/consumers\/odr\/. Encontrar\u00e1 nuestra direcci\u00f3n de correo electr\u00f3nico en el aviso legal que figura m\u00e1s arriba.<\/p><p><strong>Resoluci\u00f3n de litigios de consumo \/ Organismo de conciliaci\u00f3n universal<\/strong><br>No estamos dispuestos ni obligados a participar en procedimientos de resoluci\u00f3n de litigios ante un organismo de conciliaci\u00f3n para el consumidor.<\/p>\t\t\t\t\t\t\t\t<\/div>\n\t\t\t\t<\/div>\n\t\t<div class=\"elementor-element elementor-element-f418161 e-con-full e-flex e-con e-child\" data-id=\"f418161\" data-element_type=\"container\" data-e-type=\"container\" data-settings=\"{&quot;jet_parallax_layout_list&quot;:[]}\">\n\t\t<div class=\"elementor-element elementor-element-e06d1af e-con-full animated-fast e-flex elementor-invisible e-con e-child\" data-id=\"e06d1af\" data-element_type=\"container\" data-e-type=\"container\" data-settings=\"{&quot;jet_parallax_layout_list&quot;:[],&quot;animation&quot;:&quot;fadeInUp&quot;}\">\n\t\t\t\t<div class=\"elementor-element elementor-element-666e7f9 elementor-widget elementor-widget-text-editor\" data-id=\"666e7f9\" data-element_type=\"widget\" data-e-type=\"widget\" data-widget_type=\"text-editor.default\">\n\t\t\t\t\t\t\t\t\t<div class=\"elementor-element elementor-element-fc5ca4a elementor-widget elementor-widget-text-editor is-mac\" data-id=\"fc5ca4a\" data-element_type=\"widget\" data-widget_type=\"text-editor.default\"><div class=\"elementor-widget-container\"><div class=\"elementor-text-editor elementor-clearfix\"><div id=\"panel-8-0-0-0\" class=\"so-panel widget widget_sow-editor panel-first-child\" data-index=\"0\"><div class=\"so-widget-sow-editor so-widget-sow-editor-base\"><div class=\"siteorigin-widget-tinymce textwidget\"><p><strong>Dise\u00f1o, realizaci\u00f3n y soporte:<\/strong><\/p><p>skeon digital GmbH<br>Wesemannstra\u00dfe 17<br>46397 Bocholt<br>Tel.: 02871 2748 190<br><a href=\"mailto:in**@***********al.de\" data-original-string=\"IzQ+Xt7BaIColty5TVt4\/g==568J9lAu1ppe+FuLF3Vcj7sNEGdkJE6jX4jq1Xjr7beQVo=\" title=\"Este contacto ha sido codificado por Anti-Spam by CleanTalk. Haz clic para decodificar. Para finalizar la decodificaci\u00f3n, aseg\u00farate de que JavaScript est\u00e1 activado en tu navegador.\"><span \n                data-original-string='qRZdHO\/GIsWbn4X+y\/Mefg==568gk0rPBQGm6TZQbvO3P+F0Bv0M7bkm7oxs436d9c9vO8='\n                class='apbct-email-encoder'\n                title='Este contacto ha sido codificado por Anti-Spam by CleanTalk. Haz clic para decodificar. Para finalizar la decodificaci\u00f3n, aseg\u00farate de que JavaScript est\u00e1 activado en tu navegador.'>in<span class=\"apbct-blur\">**<\/span>@<span class=\"apbct-blur\">***********<\/span>al.de<\/span><\/a><br><a href=\"http:\/\/www.skeon-digital.de\/\" target=\"_blank\" rel=\"noopener\">www.skeon-digital.de<\/a><\/p><\/div><\/div><\/div><\/div><\/div><\/div><div class=\"elementor-element elementor-element-b96c200 elementor-widget elementor-widget-image is-mac\" data-id=\"b96c200\" data-element_type=\"widget\" data-widget_type=\"image.default\"><div class=\"elementor-widget-container\"><div class=\"elementor-image\"><img decoding=\"async\" class=\"attachment-large wp-image-80 alignleft\" src=\"https:\/\/leiting-automobile.de\/wp-content\/uploads\/2023\/05\/skeon-digital_logo.svg\" alt=\"\" width=\"244\" height=\"44\"><\/div><\/div><\/div>\t\t\t\t\t\t\t\t<\/div>\n\t\t\t\t<\/div>\n\t\t\t\t<\/div>\n\t\t\t\t<\/div>\n\t\t\t\t\t<\/div>\n\t\t\t\t<\/div>\n\t\t\t\t<\/div>\n\t\t","protected":false},"excerpt":{"rendered":"<p>Aviso legal Responsable: Event Rent GmbHRobert-Bosch-Str. 32D &#8211; 46397 Bocholt T: +49 2871 21938-0F: +49 2871 21938-29E: in**@*******nt.de N\u00ba de registro mercantil: HRB 8478C\u00e1mara: IHK NordwestfalenN\u00ba de identificaci\u00f3n a efectos del IVA seg\u00fan el art\u00edculo 27 a de la Ley del Impuesto sobre el Volumen de Negocio: 177 859 467Gerentes: J\u00fcrgen Bungert &amp; Jens Bungert [&hellip;]<\/p>\n","protected":false},"author":1,"featured_media":0,"parent":0,"menu_order":0,"comment_status":"closed","ping_status":"closed","template":"","meta":{"inline_featured_image":false,"footnotes":""},"class_list":["post-791","page","type-page","status-publish","hentry"],"_links":{"self":[{"href":"https:\/\/prowein.shop\/es\/wp-json\/wp\/v2\/pages\/791","targetHints":{"allow":["GET"]}}],"collection":[{"href":"https:\/\/prowein.shop\/es\/wp-json\/wp\/v2\/pages"}],"about":[{"href":"https:\/\/prowein.shop\/es\/wp-json\/wp\/v2\/types\/page"}],"author":[{"embeddable":true,"href":"https:\/\/prowein.shop\/es\/wp-json\/wp\/v2\/users\/1"}],"replies":[{"embeddable":true,"href":"https:\/\/prowein.shop\/es\/wp-json\/wp\/v2\/comments?post=791"}],"version-history":[{"count":1,"href":"https:\/\/prowein.shop\/es\/wp-json\/wp\/v2\/pages\/791\/revisions"}],"predecessor-version":[{"id":792,"href":"https:\/\/prowein.shop\/es\/wp-json\/wp\/v2\/pages\/791\/revisions\/792"}],"wp:attachment":[{"href":"https:\/\/prowein.shop\/es\/wp-json\/wp\/v2\/media?parent=791"}],"curies":[{"name":"wp","href":"https:\/\/api.w.org\/{rel}","templated":true}]}}