{"id":776,"date":"2025-08-21T06:33:31","date_gmt":"2025-08-21T06:33:31","guid":{"rendered":"https:\/\/prowein.shop\/mentions-legales\/"},"modified":"2025-09-09T11:28:38","modified_gmt":"2025-09-09T11:28:38","slug":"mentions-legales","status":"publish","type":"page","link":"https:\/\/prowein.shop\/fr\/mentions-legales\/","title":{"rendered":"Mentions l\u00e9gales"},"content":{"rendered":"\t\t<div data-elementor-type=\"wp-page\" data-elementor-id=\"776\" class=\"elementor elementor-776 elementor-167\" data-elementor-post-type=\"page\">\n\t\t\t\t<div class=\"elementor-element elementor-element-92f0cf0 e-flex e-con-boxed e-con e-parent\" data-id=\"92f0cf0\" data-element_type=\"container\" data-e-type=\"container\" data-settings=\"{&quot;jet_parallax_layout_list&quot;:[]}\">\n\t\t\t\t\t<div class=\"e-con-inner\">\n\t\t\t\t<div class=\"elementor-element elementor-element-23f6b3a elementor-widget elementor-widget-heading\" data-id=\"23f6b3a\" data-element_type=\"widget\" data-e-type=\"widget\" data-widget_type=\"heading.default\">\n\t\t\t\t\t<h2 class=\"elementor-heading-title elementor-size-default\">Mentions l\u00e9gales<\/h2>\t\t\t\t<\/div>\n\t\t<div class=\"elementor-element elementor-element-f442fae e-con-full e-flex e-con e-child\" data-id=\"f442fae\" data-element_type=\"container\" data-e-type=\"container\" data-settings=\"{&quot;jet_parallax_layout_list&quot;:[]}\">\n\t\t<div class=\"elementor-element elementor-element-727c013 e-con-full e-flex e-con e-child\" data-id=\"727c013\" data-element_type=\"container\" data-e-type=\"container\" data-settings=\"{&quot;jet_parallax_layout_list&quot;:[]}\">\n\t\t\t\t<div class=\"elementor-element elementor-element-28af3ef elementor-widget elementor-widget-text-editor\" data-id=\"28af3ef\" data-element_type=\"widget\" data-e-type=\"widget\" data-widget_type=\"text-editor.default\">\n\t\t\t\t\t\t\t\t\t<p><strong>Responsable :<\/strong><\/p><p>Event Rent GmbH<br>Robert-Bosch-Str. 32<br>D &#8211; 46397 Bocholt<\/p><p>T : +49 2871 21938-0<br>F : +49 2871 21938-29<br>E : <a href=\"mailto:in**@*******nt.de\" data-original-string=\"XzIsItMKYHjtIHjjFJ3Hvg==568tK0wI8gucMLrSqVXKk\/1oR1squpQKcREhLK5fwvgPu8=\" title=\"This contact has been encoded by Anti-Spam by CleanTalk. Click to decode. To finish the decoding make sure that JavaScript is enabled in your browser.\"><span \n                data-original-string='dqREk\/bdtckdEcrFZ2Rg+w==568UoVtOnEmNmDloT+8pMQ0FjLITjOJUI4x6m74Kic7vu4='\n                class='apbct-email-encoder'\n                title='This contact has been encoded by Anti-Spam by CleanTalk. Click to decode. To finish the decoding make sure that JavaScript is enabled in your browser.'>in<span class=\"apbct-blur\">**<\/span>@<span class=\"apbct-blur\">*******<\/span>nt.de<\/span><\/a><\/p><p>Num\u00e9ro de registre du commerce : HRB 8478<br>Chambre : IHK Nordwestfalen<br>Num\u00e9ro d\u2019identification TVA conform\u00e9ment au \u00a7 27 a de la loi allemande sur la taxe sur le chiffre d\u2019affaires : 177 859 467<br>Directeurs g\u00e9n\u00e9raux : J\u00fcrgen Bungert &amp; Jens Bungert<\/p><p>Responsables de la r\u00e9daction<br>Jens Bungert, Nele Lensing, Lena Reichenberg<\/p><p><strong>R\u00e8glement des litiges en ligne (UE)<\/strong><br>La Commission europ\u00e9enne met \u00e0 disposition une plateforme de r\u00e8glement en ligne des litiges (RLL) : https:\/\/ec.europa.eu\/consumers\/odr\/. Vous trouverez notre adresse e-mail en haut des mentions l\u00e9gales.<\/p><p><strong>R\u00e8glement des litiges de consommation \/ Instance de conciliation universelle<\/strong><br>Nous ne sommes ni dispos\u00e9s ni tenus de participer \u00e0 des proc\u00e9dures de r\u00e8glement des litiges devant un organisme de conciliation des consommateurs.<\/p>\t\t\t\t\t\t\t\t<\/div>\n\t\t\t\t<\/div>\n\t\t<div class=\"elementor-element elementor-element-f418161 e-con-full e-flex e-con e-child\" data-id=\"f418161\" data-element_type=\"container\" data-e-type=\"container\" data-settings=\"{&quot;jet_parallax_layout_list&quot;:[]}\">\n\t\t<div class=\"elementor-element elementor-element-e06d1af e-con-full animated-fast e-flex elementor-invisible e-con e-child\" data-id=\"e06d1af\" data-element_type=\"container\" data-e-type=\"container\" data-settings=\"{&quot;jet_parallax_layout_list&quot;:[],&quot;animation&quot;:&quot;fadeInUp&quot;}\">\n\t\t\t\t<div class=\"elementor-element elementor-element-666e7f9 elementor-widget elementor-widget-text-editor\" data-id=\"666e7f9\" data-element_type=\"widget\" data-e-type=\"widget\" data-widget_type=\"text-editor.default\">\n\t\t\t\t\t\t\t\t\t<div class=\"elementor-element elementor-element-fc5ca4a elementor-widget elementor-widget-text-editor is-mac\" data-id=\"fc5ca4a\" data-element_type=\"widget\" data-widget_type=\"text-editor.default\"><div class=\"elementor-widget-container\"><div class=\"elementor-text-editor elementor-clearfix\"><div id=\"panel-8-0-0-0\" class=\"so-panel widget widget_sow-editor panel-first-child\" data-index=\"0\"><div class=\"so-widget-sow-editor so-widget-sow-editor-base\"><div class=\"siteorigin-widget-tinymce textwidget\"><p><strong>Conception, r\u00e9alisation et assistance :<\/strong><\/p><p>skeon digital GmbH<br>Wesemannstra\u00dfe 17<br>46397 Bocholt<br>T\u00e9l. : 02871 2748 190<br><a href=\"mailto:in**@***********al.de\" data-original-string=\"UFPzzunYA7xG900nRJ9whQ==5680uJ4ts83YnF754JsRA\/h6jcToX8SdVdgxbLQJKYlSLY=\" title=\"This contact has been encoded by Anti-Spam by CleanTalk. Click to decode. To finish the decoding make sure that JavaScript is enabled in your browser.\"><span \n                data-original-string='WrSxXI0gIvBbVcifZRx6yQ==568CDqZr4r+PblHaP4OGRyYsSCBA2Xn3yFf8ohoCm1MRz8='\n                class='apbct-email-encoder'\n                title='This contact has been encoded by Anti-Spam by CleanTalk. Click to decode. To finish the decoding make sure that JavaScript is enabled in your browser.'>in<span class=\"apbct-blur\">**<\/span>@<span class=\"apbct-blur\">***********<\/span>al.de<\/span><\/a><br><a href=\"http:\/\/www.skeon-digital.de\/\" target=\"_blank\" rel=\"noopener\">www.skeon-digital.de<\/a><\/p><\/div><\/div><\/div><\/div><\/div><\/div><div class=\"elementor-element elementor-element-b96c200 elementor-widget elementor-widget-image is-mac\" data-id=\"b96c200\" data-element_type=\"widget\" data-widget_type=\"image.default\"><div class=\"elementor-widget-container\"><div class=\"elementor-image\"><img decoding=\"async\" class=\"attachment-large wp-image-80 alignleft\" src=\"https:\/\/leiting-automobile.de\/wp-content\/uploads\/2023\/05\/skeon-digital_logo.svg\" alt=\"\" width=\"244\" height=\"44\"><\/div><\/div><\/div>\t\t\t\t\t\t\t\t<\/div>\n\t\t\t\t<\/div>\n\t\t\t\t<\/div>\n\t\t\t\t<\/div>\n\t\t\t\t\t<\/div>\n\t\t\t\t<\/div>\n\t\t\t\t<\/div>\n\t\t","protected":false},"excerpt":{"rendered":"<p>Mentions l\u00e9gales Responsable : Event Rent GmbHRobert-Bosch-Str. 32D &#8211; 46397 Bocholt T : +49 2871 21938-0F : +49 2871 21938-29E : in**@*******nt.de Num\u00e9ro de registre du commerce : HRB 8478Chambre : IHK NordwestfalenNum\u00e9ro d\u2019identification TVA conform\u00e9ment au \u00a7 27 a de la loi allemande sur la taxe sur le chiffre d\u2019affaires : 177 859 467Directeurs [&hellip;]<\/p>\n","protected":false},"author":1,"featured_media":0,"parent":0,"menu_order":0,"comment_status":"closed","ping_status":"closed","template":"","meta":{"inline_featured_image":false,"footnotes":""},"class_list":["post-776","page","type-page","status-publish","hentry"],"_links":{"self":[{"href":"https:\/\/prowein.shop\/fr\/wp-json\/wp\/v2\/pages\/776","targetHints":{"allow":["GET"]}}],"collection":[{"href":"https:\/\/prowein.shop\/fr\/wp-json\/wp\/v2\/pages"}],"about":[{"href":"https:\/\/prowein.shop\/fr\/wp-json\/wp\/v2\/types\/page"}],"author":[{"embeddable":true,"href":"https:\/\/prowein.shop\/fr\/wp-json\/wp\/v2\/users\/1"}],"replies":[{"embeddable":true,"href":"https:\/\/prowein.shop\/fr\/wp-json\/wp\/v2\/comments?post=776"}],"version-history":[{"count":1,"href":"https:\/\/prowein.shop\/fr\/wp-json\/wp\/v2\/pages\/776\/revisions"}],"predecessor-version":[{"id":777,"href":"https:\/\/prowein.shop\/fr\/wp-json\/wp\/v2\/pages\/776\/revisions\/777"}],"wp:attachment":[{"href":"https:\/\/prowein.shop\/fr\/wp-json\/wp\/v2\/media?parent=776"}],"curies":[{"name":"wp","href":"https:\/\/api.w.org\/{rel}","templated":true}]}}