{"id":1312,"date":"2025-08-30T07:56:04","date_gmt":"2025-08-30T07:56:04","guid":{"rendered":"https:\/\/prowein.shop\/produkt\/verre-a-whisky-alimentaire-new-york-echange-inclus\/"},"modified":"2025-11-26T13:17:47","modified_gmt":"2025-11-26T13:17:47","slug":"verre-a-whisky-alimentaire-new-york-echange-inclus-2","status":"publish","type":"product","link":"https:\/\/prowein.shop\/fr\/produkt\/verre-a-whisky-alimentaire-new-york-echange-inclus-2\/","title":{"rendered":"Verre \u00e0 whisky\/alimentaire NEW YORK, \u00e9change inclus"},"content":{"rendered":"","protected":false},"excerpt":{"rendered":"<p>(Unit\u00e9 d&#8217;emballage : 36 pi\u00e8ces)<\/p>\n","protected":false},"featured_media":1314,"template":"","meta":{"inline_featured_image":false},"product_brand":[],"product_cat":[152,153],"product_tag":[],"class_list":{"0":"post-1312","1":"product","2":"type-product","3":"status-publish","4":"has-post-thumbnail","6":"product_cat-restauration","7":"product_cat-verres","9":"first","10":"outofstock","11":"taxable","12":"shipping-taxable","13":"purchasable","14":"product-type-simple"},"group_of_quantity":0,"min_quantity":0,"max_quantity":"","exclude_order_quantity_value_rules":"no","exclude_category_quantity_rules":"no","combine_variations":"no","_links":{"self":[{"href":"https:\/\/prowein.shop\/fr\/wp-json\/wp\/v2\/product\/1312","targetHints":{"allow":["GET"]}}],"collection":[{"href":"https:\/\/prowein.shop\/fr\/wp-json\/wp\/v2\/product"}],"about":[{"href":"https:\/\/prowein.shop\/fr\/wp-json\/wp\/v2\/types\/product"}],"wp:featuredmedia":[{"embeddable":true,"href":"https:\/\/prowein.shop\/fr\/wp-json\/wp\/v2\/media\/1314"}],"wp:attachment":[{"href":"https:\/\/prowein.shop\/fr\/wp-json\/wp\/v2\/media?parent=1312"}],"wp:term":[{"taxonomy":"product_brand","embeddable":true,"href":"https:\/\/prowein.shop\/fr\/wp-json\/wp\/v2\/product_brand?post=1312"},{"taxonomy":"product_cat","embeddable":true,"href":"https:\/\/prowein.shop\/fr\/wp-json\/wp\/v2\/product_cat?post=1312"},{"taxonomy":"product_tag","embeddable":true,"href":"https:\/\/prowein.shop\/fr\/wp-json\/wp\/v2\/product_tag?post=1312"}],"curies":[{"name":"wp","href":"https:\/\/api.w.org\/{rel}","templated":true}]}}