{"id":1134,"date":"2025-08-21T06:43:58","date_gmt":"2025-08-21T06:43:58","guid":{"rendered":"https:\/\/prowein.shop\/termini-e-condizioni-generali\/"},"modified":"2025-09-18T07:18:12","modified_gmt":"2025-09-18T07:18:12","slug":"termini-e-condizioni-generali","status":"publish","type":"page","link":"https:\/\/prowein.shop\/it\/termini-e-condizioni-generali\/","title":{"rendered":"Termini e condizioni generali"},"content":{"rendered":"\t\t<div data-elementor-type=\"wp-page\" data-elementor-id=\"1134\" class=\"elementor elementor-1134 elementor-182\" data-elementor-post-type=\"page\">\n\t\t\t\t<div class=\"elementor-element elementor-element-92f0cf0 e-flex e-con-boxed e-con e-parent\" data-id=\"92f0cf0\" data-element_type=\"container\" data-e-type=\"container\" data-settings=\"{&quot;jet_parallax_layout_list&quot;:[]}\">\n\t\t\t\t\t<div class=\"e-con-inner\">\n\t\t\t\t<div class=\"elementor-element elementor-element-23f6b3a elementor-widget elementor-widget-heading\" data-id=\"23f6b3a\" data-element_type=\"widget\" data-e-type=\"widget\" data-widget_type=\"heading.default\">\n\t\t\t\t\t<h2 class=\"elementor-heading-title elementor-size-default\">Termini e condizioni generali<\/h2>\t\t\t\t<\/div>\n\t\t\t\t<div class=\"elementor-element elementor-element-28af3ef elementor-widget elementor-widget-text-editor\" data-id=\"28af3ef\" data-element_type=\"widget\" data-e-type=\"widget\" data-widget_type=\"text-editor.default\">\n\t\t\t\t\t\t\t\t\t<p><strong>1. Disposizioni generali<\/strong><\/p><p>1.1 Le offerte del locatore sono soggette a modifiche; la sublocazione \u00e8 riservata.<\/p><p>1.2 Per tutte le transazioni si applicano esclusivamente le condizioni del locatore. Con l&#8217;emissione dell&#8217;ordine, queste si intendono accettate. <\/p><p>1.3 Tutti i contratti di noleggio con il locatore sono stipulati esclusivamente sulla base dei seguenti termini e condizioni generali. Questi si applicano anche ai futuri contratti di noleggio tra le parti contraenti, anche se non vengono espressamente concordati di nuovo. Gli ordini al di fuori dei contratti di noleggio puri sono trattati come contratti d&#8217;opera nel quadro di legge.  <\/p><p>1.4 Il locatore \u00e8 tenuto a fornire beni in affitto ordinati di tipo e qualit\u00e0 medi.<\/p><p>Il locatore ha il diritto di sostituire i beni in affitto ordinati con beni equivalenti o migliori, qualora non sia in grado di fornire i beni in affitto ordinati, per qualsiasi motivo.<\/p><p>1.5 Tutte le informazioni sull&#8217;oggetto del noleggio, siano esse contenute in prospetti, cataloghi o documenti di qualsiasi tipo, sono non vincolanti, nella misura in cui si riferiscono a prestazioni tecniche, caratteristiche operative o utilizzabilit\u00e0, a meno che le singole informazioni non siano state confermate per iscritto dal locatore. <\/p><p><strong>2. Periodi di noleggio \/ Determinazione del prezzo di noleggio \/ Condizioni di pagamento \/ Nota di credito<\/strong><\/p><p>2.1 I prezzi di noleggio validi sono quelli riportati nel listino prezzi corrente. I prezzi non includono i costi di trasporto, installazione, montaggio, smontaggio, pulizia, smaltimento dei rifiuti o altri servizi che vanno oltre la semplice fornitura degli oggetti a noleggio. <\/p><p>2.2 I prezzi di noleggio del listino prezzi si applicano, salvo diverso accordo contrattuale, per tre giorni, compresi il giorno di consegna e quello di ritiro. Per le estensioni del periodo di noleggio, nella base di calcolo vengono utilizzati fattori di periodo di noleggio adeguati.  <\/p><p>2.3 Di norma, \u00e8 concordato un pagamento anticipato, netto.<\/p><p>Le disposizioni speciali sono descritte per iscritto nell&#8217;offerta o nell&#8217;ordine.<\/p><p>2.4. Le note di credito risultanti non vengono pagate e devono essere compensate con fatture aperte o noleggi futuri. Le eccezioni possono essere concordate solo per iscritto. <\/p><p><strong>3. Inizio del rapporto di noleggio<\/strong><\/p><p>Il rapporto di noleggio inizia con la ricezione della conferma d&#8217;ordine o con la firma del contratto di noleggio, a meno che le parti non abbiano concordato una data diversa nel contratto di noleggio.<\/p><p>Il rapporto di noleggio inizia al pi\u00f9 tardi con la consegna dell&#8217;oggetto del noleggio.<\/p><p><strong>4. Deposito cauzionale<\/strong><\/p><p>Il locatore ha il diritto di richiedere un deposito cauzionale di importo adeguato prima della consegna dell&#8217;oggetto del noleggio. L&#8217;importo del deposito cauzionale si basa da un lato sulla durata del noleggio e dall&#8217;altro sul valore dell&#8217;oggetto del noleggio e garantisce tutti i diritti del locatore. Il deposito cauzionale garantisce sia il prezzo di noleggio che il valore dell&#8217;oggetto del noleggio. Il locatore pu\u00f2 soddisfarsi dal deposito cauzionale per i suoi crediti esigibili gi\u00e0 durante il rapporto di noleggio. In questo caso, il locatario \u00e8 obbligato a riportare l&#8217;importo del deposito cauzionale all&#8217;importo originale. \u00c8 esclusa una compensazione del locatario con il diritto alla restituzione derivante dal deposito cauzionale nei confronti dei crediti esigibili del locatore durante il periodo di noleggio. Il locatore \u00e8 obbligato, dopo la fine del rapporto di noleggio, a effettuare la liquidazione il prima possibile e a restituire la cauzione non necessaria per scopi di garanzia.      <\/p><p>Scopi di garanzia necessari per il rimborso.<\/p><p><strong>5. Risoluzione del rapporto di noleggio<\/strong><\/p><p>5.1 Il locatario pu\u00f2 risolvere il contratto di noleggio dopo aver ricevuto la conferma d&#8217;ordine e prima di aver preso in consegna l&#8217;oggetto del noleggio. In questo caso, il locatario \u00e8 obbligato a pagare i seguenti importi di risarcimento, a seconda del momento in cui viene ricevuta la risoluzione: <\/p><p>5.1.1. 50% del canone di locazione netto pi\u00f9 IVA all&#8217;aliquota di legge applicabile, se la risoluzione avviene tra il 59\u00b0 e il 30\u00b0 giorno prima dell&#8217;inizio del noleggio. <\/p><p>5.1.2. 75% del canone di locazione netto pi\u00f9 IVA all&#8217;aliquota di legge applicabile, se la risoluzione avviene tra il 29\u00b0 e il 10\u00b0 giorno prima dell&#8217;inizio del noleggio. <\/p><p>5.1.3. 80% del prezzo di noleggio netto pi\u00f9 IVA all&#8217;aliquota di legge applicabile, se la risoluzione avviene meno di dieci giorni prima dell&#8217;inizio del noleggio. <\/p><p>5.2 La risoluzione deve avvenire per iscritto. Il locatario si riserva il diritto di dimostrare un danno inferiore da parte del locatore. <\/p><p><strong>6. Obbligo di notifica del locatario\/ Controllo qualit\u00e0<\/strong><\/p><p>6.1 Il locatario \u00e8 tenuto a esaminare immediatamente la merce consegnata per verificarne la completezza e la presenza di difetti evidenti. Il locatario \u00e8 tenuto a notificare per iscritto al locatore eventuali reclami per vizi senza indugio, ma al pi\u00f9 tardi entro un termine di 48 ore. <\/p><p>6.2 Il locatario \u00e8 tenuto a denunciare immediatamente al locatore il furto di beni in affitto non appena lo scopre.<\/p><p><strong>7. Obblighi di diligenza e di collaborazione del locatario<\/strong><\/p><p>7.1 Durante il periodo di noleggio, il locatario \u00e8 tenuto a trattare l&#8217;oggetto del noleggio con cura. In particolare, \u00e8 tenuto a eseguire la manutenzione dell&#8217;oggetto del noleggio nella misura necessaria in modo corretto e professionale durante il periodo di noleggio, nonch\u00e9 a proteggere l&#8217;oggetto del noleggio dall&#8217;accesso di terzi. <\/p><p>7.2 In caso di danneggiamento dell&#8217;oggetto del noleggio, il locatario \u00e8 tenuto a informare immediatamente il locatore. Nella misura in cui i danni sono imputabili al locatario, questi \u00e8 tenuto a far eseguire a proprie spese i necessari lavori di riparazione da parte del locatore. <\/p><p>Il locatario ha il diritto di far eseguire le riparazioni da una societ\u00e0 specializzata selezionata<\/p><p>se la riparazione pu\u00f2 essere eseguita pi\u00f9 rapidamente e a costi inferiori e il locatore lo ha preventivamente approvato. In ogni caso, la riparazione deve essere eseguita esclusivamente con l&#8217;utilizzo di ricambi originali. <\/p><p>7.3 Qualora durante il periodo di noleggio terzi accedano all&#8217;oggetto del noleggio o ne prendano possesso, con o senza autorizzazione, mediante pignoramento, sequestro o in base ad altri diritti, il locatario \u00e8 tenuto a informare immediatamente il locatore tramite fax o raccomandata con ricevuta di ritorno, al pi\u00f9 tardi entro tre giorni dall&#8217;accesso, e a informare preventivamente il terzo o i terzi della propriet\u00e0 del locatore.<\/p><p>7.4 Se le parti concordano un luogo di utilizzo specifico per l&#8217;oggetto del noleggio, il locatario non ha il diritto di trasferire l&#8217;oggetto del noleggio in un altro luogo di utilizzo durante il periodo di noleggio senza la previa autorizzazione del locatore.<\/p><p>7.5 Nella misura in cui l&#8217;oggetto del noleggio, a causa delle sue caratteristiche tecniche, richiede una determinata manutenzione per la conservazione dell&#8217;oggetto o una cura per evitare pericoli, il locatore ha il diritto di informarsi sui relativi obblighi anche durante il periodo di noleggio. Il locatore \u00e8 tenuto ad annunciare tale controllo con un congruo anticipo. <\/p><p>7.6 Nella misura in cui dall&#8217;uso corretto o improprio dell&#8217;oggetto del noleggio derivino pretese di terzi (tasse, multe, ecc.), il locatario \u00e8 tenuto a manlevare il locatore da eventuali pretese di terzi, nella misura in cui un risarcimento diretto nei confronti dei terzi richiedenti da parte del locatario non avvenga o non possa avvenire.<\/p><p><strong>8. Esonero di responsabilit\u00e0 per incendio, furto con scasso, furto e distruzione dell&#8217;oggetto del noleggio<\/strong><\/p><p>8.1 Si informa il locatario che gli oggetti del noleggio non sono assicurati contro furto, danneggiamento o perimento accidentale.<\/p><p>8.2 Il locatario \u00e8 a sua volta obbligato ad assicurare l&#8217;oggetto del noleggio nella stessa misura a favore del locatore e cede fin d&#8217;ora al locatore tutti i diritti derivanti da tale assicurazione. Il locatore accetta fin d&#8217;ora la cessione. <\/p><p>8.3 I rivestimenti del pavimento saranno addebitati al cliente al prezzo di listino se, su richiesta del cliente, vengono tagliati o sono cos\u00ec sporchi che non \u00e8 pi\u00f9 possibile pulirli (gomma da masticare, grassi, oli, sabbia, ecc.)<\/p><p><strong>9. Restituzione dell&#8217;oggetto del noleggio<\/strong><\/p><p>9.1 Il locatario si impegna a restituire l&#8217;oggetto del noleggio, compresi tutti gli eventuali accessori, alla data concordata, senza difetti e pulito. Se l&#8217;oggetto del noleggio \u00e8 sporco, il locatore pu\u00f2 addebitare al locatario i costi di pulizia. <\/p><p>9.2 Se la consegna consiste in una molteplicit\u00e0 di singole parti o se il controllo completo presso la sede del locatario non \u00e8 possibile (ritrasporto da parte di terzi), il locatario accetta che il controllo finale e l&#8217;accertamento dei danni avvengano solo nei locali del locatore.<\/p><p>Il locatario ha il diritto di essere presente a tale controllo. Questo deve avvenire entro i <\/p><p>successivi 48 ore dall&#8217;arrivo presso il locatore. Se il locatario non si avvale della possibilit\u00e0 di essere presente al controllo, \u00e8 vincolato alle constatazioni del locatore. <\/p><p>9.3 Se la restituzione dell&#8217;oggetto del noleggio \u00e8 impossibile a causa di una circostanza imputabile al locatario o se le necessarie misure di riparazione superano il valore attuale di oltre il dieci percento, il locatario \u00e8 obbligato a pagare il valore attuale pi\u00f9 un forfait per i costi di riapprovvigionamento pari al 12,5 percento.<\/p><p>9.4 Inoltre, il locatario \u00e8 obbligato a pagare un indennizzo per l&#8217;utilizzo per un periodo massimo di due settimane,<\/p><p>nella misura in cui il locatore dimostri di aver potuto noleggiare l&#8217;oggetto del noleggio in questo periodo.<\/p><p>9.5 Restano impregiudicati ulteriori diritti al risarcimento danni del locatore. Il locatario si riserva il diritto di dimostrare un danno inferiore. <\/p><p><strong>10. Fine del contratto di noleggio<\/strong><\/p><p>10.1 Il rapporto di noleggio termina con la scadenza di un periodo di noleggio concordato.<\/p><p>10.2 Il locatore ha il diritto di risolvere il contratto in via straordinaria se<\/p><p>&#8211; il locatario \u00e8 in mora con il pagamento di obbligazioni non solo di lieve entit\u00e0 ai sensi del \u00a7 320 comma 2 del Codice Civile tedesco (BGB),<\/p><p>&#8211; vengono eseguite misure esecutive nei confronti del locatario,<\/p><p>&#8211; il locatario sospende i pagamenti ai sensi dei \u00a7\u00a7 29 e seguenti del Codice fallimentare tedesco (Konkursordnung).<\/p><p>&#8211; il locatario utilizza l&#8217;oggetto del noleggio in modo tecnicamente dannoso o altrimenti in modo gravemente contrario al contratto, nonostante l&#8217;ammonimento del locatore,<\/p><p>&#8211; il locatario cede l&#8217;oggetto del noleggio a terzi non autorizzati o lo trasferisce in un luogo non concordato contrattualmente.<\/p><p><strong>11. Consegna e ritiro<\/strong><\/p><p>La consegna e il ritiro da parte del locatore devono avvenire puntualmente come concordato in precedenza. Il locatore non pu\u00f2 essere ritenuto responsabile per ritardi nella consegna dovuti a cause di forza maggiore. <\/p><p>La consegna dei beni in affitto avviene a livello del suolo direttamente dietro la prima porta. Il percorso di consegna deve essere adatto ai camion (fino a 40 t \/ semirimorchio o camion con rimorchio) e libero. Se ci\u00f2 non fosse possibile, il locatario \u00e8 tenuto a comunicarlo per iscritto prima della conclusione del contratto.  <\/p><p><strong>12. Risarcimento danni<\/strong><\/p><p>12.1 Sono escluse le pretese di risarcimento danni del locatario per colpa del locatore durante le trattative contrattuali, violazione positiva del contratto, atto illecito e danni imprevedibili, nella misura in cui non si basino su grave negligenza del locatore o dei suoi ausiliari, il locatore non possa liberarsi ai sensi del \u00a7 138 del Codice Civile tedesco (BGB) e, in caso di semplice negligenza, nella misura in cui le pretese di risarcimento danni non si riferiscano alla violazione di obblighi cardinali (obblighi contrattuali essenziali) e non siano oggetto della pretesa controversa danni alla salute<\/p><p>e non sia in discussione la rivendicazione di pretese derivanti dalla legge sulla responsabilit\u00e0 del prodotto.<\/p><p>12.2 La responsabilit\u00e0 del locatore \u00e8 fondamentalmente limitata ai danni diretti di volta in volta.<\/p><p>12.3 Una responsabilit\u00e0 pi\u00f9 estesa del locatore sussiste solo nella misura in cui il danno \u00e8 coperto da una responsabilit\u00e0 civile legale del locatore o avrebbe potuto essere coperto nell&#8217;ambito delle condizioni generali di assicurazione approvate dalle autorit\u00e0 di vigilanza assicurativa a tariffe e supplementi tariffari non adeguati a circostanze straordinarie presso un assicuratore autorizzato all&#8217;esercizio dell&#8217;attivit\u00e0 in Germania e non sussiste o sussisterebbe un caso di esenzione dalla prestazione dell&#8217;assicuratore.<\/p><p><strong>13. Compensazione e ritenzione<\/strong><\/p><p>Al locatario \u00e8 consentito compensare con contropretese o far valere un diritto di ritenzione solo per tali pretese che sono incontestate o accertate con sentenza passata in giudicato.<\/p><p><strong>14. Varie<\/strong><\/p><p>14.1 Le modifiche e le integrazioni del contratto richiedono la forma scritta. Ci\u00f2 vale anche per la rinuncia al requisito della forma scritta. <\/p><p>14.2 Il luogo di adempimento e il foro competente per tutte le controversie derivanti dal contratto tra le parti contraenti \u00e8 la sede legale del locatore.<\/p>\t\t\t\t\t\t\t\t<\/div>\n\t\t\t\t\t<\/div>\n\t\t\t\t<\/div>\n\t\t\t\t<\/div>\n\t\t","protected":false},"excerpt":{"rendered":"<p>Termini e condizioni generali 1. Disposizioni generali 1.1 Le offerte del locatore sono soggette a modifiche; la sublocazione \u00e8 riservata. 1.2 Per tutte le transazioni si applicano esclusivamente le condizioni del locatore. Con l&#8217;emissione dell&#8217;ordine, queste si intendono accettate. 1.3 Tutti i contratti di noleggio con il locatore sono stipulati esclusivamente sulla base dei seguenti [&hellip;]<\/p>\n","protected":false},"author":1,"featured_media":0,"parent":0,"menu_order":0,"comment_status":"closed","ping_status":"closed","template":"","meta":{"inline_featured_image":false,"footnotes":""},"class_list":["post-1134","page","type-page","status-publish","hentry"],"_links":{"self":[{"href":"https:\/\/prowein.shop\/it\/wp-json\/wp\/v2\/pages\/1134","targetHints":{"allow":["GET"]}}],"collection":[{"href":"https:\/\/prowein.shop\/it\/wp-json\/wp\/v2\/pages"}],"about":[{"href":"https:\/\/prowein.shop\/it\/wp-json\/wp\/v2\/types\/page"}],"author":[{"embeddable":true,"href":"https:\/\/prowein.shop\/it\/wp-json\/wp\/v2\/users\/1"}],"replies":[{"embeddable":true,"href":"https:\/\/prowein.shop\/it\/wp-json\/wp\/v2\/comments?post=1134"}],"version-history":[{"count":1,"href":"https:\/\/prowein.shop\/it\/wp-json\/wp\/v2\/pages\/1134\/revisions"}],"predecessor-version":[{"id":1135,"href":"https:\/\/prowein.shop\/it\/wp-json\/wp\/v2\/pages\/1134\/revisions\/1135"}],"wp:attachment":[{"href":"https:\/\/prowein.shop\/it\/wp-json\/wp\/v2\/media?parent=1134"}],"curies":[{"name":"wp","href":"https:\/\/api.w.org\/{rel}","templated":true}]}}