{"id":826,"date":"2025-08-21T06:45:00","date_gmt":"2025-08-21T06:45:00","guid":{"rendered":"https:\/\/prowein.shop\/recesso\/"},"modified":"2025-09-09T11:37:08","modified_gmt":"2025-09-09T11:37:08","slug":"recesso","status":"publish","type":"page","link":"https:\/\/prowein.shop\/it\/recesso\/","title":{"rendered":"Recesso"},"content":{"rendered":"\t\t<div data-elementor-type=\"wp-page\" data-elementor-id=\"826\" class=\"elementor elementor-826 elementor-187\" data-elementor-post-type=\"page\">\n\t\t\t\t<div class=\"elementor-element elementor-element-92f0cf0 e-flex e-con-boxed e-con e-parent\" data-id=\"92f0cf0\" data-element_type=\"container\" data-e-type=\"container\" data-settings=\"{&quot;jet_parallax_layout_list&quot;:[]}\">\n\t\t\t\t\t<div class=\"e-con-inner\">\n\t\t\t\t<div class=\"elementor-element elementor-element-23f6b3a elementor-widget elementor-widget-heading\" data-id=\"23f6b3a\" data-element_type=\"widget\" data-e-type=\"widget\" data-widget_type=\"heading.default\">\n\t\t\t\t\t<h2 class=\"elementor-heading-title elementor-size-default\">Recesso<\/h2>\t\t\t\t<\/div>\n\t\t\t\t<div class=\"elementor-element elementor-element-28af3ef elementor-widget elementor-widget-text-editor\" data-id=\"28af3ef\" data-element_type=\"widget\" data-e-type=\"widget\" data-widget_type=\"text-editor.default\">\n\t\t\t\t\t\t\t\t\t<p><strong>Nota sulla responsabilit\u00e0: il seguente modello \u00e8 stato creato da un avvocato (<a href=\"https:\/\/drschwenke.de\/\" rel=\"nofollow\">https:\/\/drschwenke.de<\/a>) in conformit\u00e0 con i requisiti tipici di un negozio online. Tuttavia, si consiglia di utilizzare il modello solo dopo aver attentamente esaminato e adattato al proprio specifico modello di business. Il seguente modello contiene quindi ulteriori note che \u00e8 necessario osservare e passaggi rossi che \u00e8 necessario esaminare e, se necessario, adattare in particolare. Si prega di rimuovere le note dopo la modifica. In caso di dubbio, consultare un legale. Diritto d&#8217;autore: \u00e8 possibile utilizzare il modello all&#8217;interno del dominio\/sito web finch\u00e9 la licenza Marketpress \u00e8 valida per questo. La divulgazione a terzi, anche ai clienti (ad esempio, come sviluppatore) non \u00e8 consentita.      <\/strong><\/p><p><strong>Informativa sul recesso per i consumatori per un contratto in cui la merce viene consegnata in un&#8217;unica spedizione<\/strong><\/p><p><em>Informativa sul recesso<\/em><br>Per consumatore si intende qualsiasi persona fisica che conclude un negozio giuridico per scopi che non possono essere attribuiti prevalentemente alla sua attivit\u00e0 commerciale o professionale autonoma.<\/p><p><em>Diritto di recesso<\/em><br>Lei ha il diritto di recedere dal presente contratto entro quattordici giorni senza indicarne le ragioni. Il periodo di recesso \u00e8 di quattordici giorni dal giorno in cui lei o un terzo da lei designato, che non sia il vettore, ha preso possesso della merce. Per esercitare il suo diritto di recesso, deve informarci ([Inserire: nome\/azienda, indirizzo, numero di telefono e indirizzo e-mail. Pu\u00f2 anche utilizzare lo shortcode per questo e memorizzare l&#8217;indirizzo nelle impostazioni.]) mediante una dichiarazione univoca (ad esempio, una lettera inviata per posta o un&#8217;e-mail) della sua decisione di recedere dal presente contratto. A tal fine, pu\u00f2 utilizzare il modulo di recesso allegato, che tuttavia non \u00e8 obbligatorio. Per rispettare il termine di recesso, \u00e8 sufficiente che lei invii la comunicazione relativa all&#8217;esercizio del diritto di recesso prima della scadenza del periodo di recesso.    <\/p><p><em>Conseguenze del recesso<\/em><br>Se lei recede dal presente contratto, le rimborseremo tutti i pagamenti che abbiamo ricevuto da lei, compresi i costi di spedizione (ad eccezione dei costi aggiuntivi derivanti dal fatto che lei ha scelto un tipo di consegna diverso dalla consegna standard pi\u00f9 economica da noi offerta), immediatamente e al pi\u00f9 tardi entro quattordici giorni dal giorno in cui abbiamo ricevuto la comunicazione del suo recesso dal presente contratto. Per questo rimborso, utilizziamo lo stesso mezzo di pagamento che lei ha utilizzato per la transazione originale, a meno che non sia stato espressamente concordato diversamente con lei; in nessun caso le verranno addebitate commissioni per questo rimborso. Possiamo rifiutare il rimborso fino a quando non avremo ricevuto indietro la merce o fino a quando lei non avr\u00e0 fornito la prova di aver rispedito la merce, a seconda di quale sia il momento precedente. Lei \u00e8 tenuto a rispedirci o a consegnarci la merce immediatamente e in ogni caso entro e non oltre quattordici giorni dal giorno in cui ci ha comunicato il suo recesso dal presente contratto. Il termine \u00e8 rispettato se lei spedisce la merce prima della scadenza del periodo di quattordici giorni.<br>Lei dovr\u00e0 sostenere i costi diretti della restituzione della merce.<br>Lei \u00e8 responsabile per l&#8217;eventuale perdita di valore della merce solo se tale perdita di valore \u00e8 dovuta a una manipolazione della merce non necessaria per verificarne la natura, le caratteristiche e il funzionamento.    <\/p><p><em>Modulo di recesso tipo<\/em><br>(Se desidera recedere dal contratto, compili questo modulo e lo rispedisca.)<br>\u2013 A [Inserire: nome\/azienda, indirizzo, indirizzo e-mail e, se disponibile, il numero di fax]:<br>\u2013 Con la presente io\/noi (*) recedo\/recediamo dal contratto da me\/noi (*) stipulato per l&#8217;acquisto della seguente merce (*)\/ la fornitura del seguente servizio (*)<br>\u2013 Ordinato il (*)\/ricevuto il (*)<br>\u2013 Nome del\/dei consumatore(i)<br>\u2013 Indirizzo del\/dei consumatore(i)<br>\u2013 Firma del\/dei consumatore(i) (solo in caso di comunicazione su carta)<br>\u2013 Data<br>\u2014\u2014\u2014\u2014\u2014\u2014\u2014\u2014\u2014\u2014\u2014\u2014\u2014<br>(*) Cancellare la dicitura inutile.<\/p><p><em>Esclusione o estinzione anticipata del diritto di recesso<\/em><br>Il diritto di recesso non sussiste per i contratti<br>per la fornitura di beni non prefabbricati e per la cui produzione \u00e8 determinante una selezione o determinazione individuale da parte del consumatore o che sono chiaramente adattati alle esigenze personali del consumatore;<br>per la fornitura di beni che possono deteriorarsi rapidamente o la cui data di scadenza verrebbe rapidamente superata;<br>per la fornitura di bevande alcoliche il cui prezzo \u00e8 stato concordato al momento della conclusione del contratto, ma che possono essere consegnate non prima di 30 giorni dopo la conclusione del contratto e il cui valore attuale dipende dalle fluttuazioni del mercato su cui l&#8217;imprenditore non ha alcuna influenza;<br>per la fornitura di giornali, riviste o illustrati ad eccezione dei contratti di abbonamento.<br>Il diritto di recesso si estingue anticipatamente per i contratti<br>per la fornitura di beni sigillati che non sono idonei alla restituzione per motivi di protezione della salute o di igiene se il loro sigillo \u00e8 stato rimosso dopo la consegna;<br>per la fornitura di beni se questi sono stati mescolati in modo inseparabile con altri beni dopo la consegna a causa della loro natura;<br>per la fornitura di registrazioni audio o video o software per computer in una confezione sigillata se il sigillo \u00e8 stato rimosso dopo la consegna.<\/p><p><strong>Informativa sul recesso per i consumatori per un contratto relativo a pi\u00f9 beni che il consumatore ha ordinato nell&#8217;ambito di un unico ordine e che vengono consegnati separatamente<\/strong><\/p><p><em>Informativa sul recesso<\/em><br>Per consumatore si intende qualsiasi persona fisica che conclude un negozio giuridico per scopi che non possono essere attribuiti prevalentemente alla sua attivit\u00e0 commerciale o professionale autonoma.<\/p><p><em>Diritto di recesso<\/em><br>Lei ha il diritto di recedere dal presente contratto entro quattordici giorni senza indicarne le ragioni. Il periodo di recesso \u00e8 di quattordici giorni dal giorno in cui lei o un terzo da lei designato, che non sia il vettore, ha preso possesso dell&#8217;ultimo bene. Per esercitare il suo diritto di recesso, deve informarci ([Inserire: nome\/azienda, indirizzo, numero di telefono e indirizzo e-mail. Pu\u00f2 anche utilizzare lo shortcode per questo e memorizzare l&#8217;indirizzo nelle impostazioni.]) mediante una dichiarazione univoca (ad esempio, una lettera inviata per posta o un&#8217;e-mail) della sua decisione di recedere dal presente contratto. A tal fine, pu\u00f2 utilizzare il modulo di recesso allegato, che tuttavia non \u00e8 obbligatorio. Per rispettare il termine di recesso, \u00e8 sufficiente che lei invii la comunicazione relativa all&#8217;esercizio del diritto di recesso prima della scadenza del periodo di recesso.    <\/p><p><em>Conseguenze del recesso<\/em><br>Se lei recede dal presente contratto, le rimborseremo tutti i pagamenti che abbiamo ricevuto da lei, compresi i costi di spedizione (ad eccezione dei costi aggiuntivi derivanti dal fatto che lei ha scelto un tipo di consegna diverso dalla consegna standard pi\u00f9 economica da noi offerta), immediatamente e al pi\u00f9 tardi entro quattordici giorni dal giorno in cui abbiamo ricevuto la comunicazione del suo recesso dal presente contratto. Per questo rimborso, utilizziamo lo stesso mezzo di pagamento che lei ha utilizzato per la transazione originale, a meno che non sia stato espressamente concordato diversamente con lei; in nessun caso le verranno addebitate commissioni per questo rimborso. Possiamo rifiutare il rimborso fino a quando non avremo ricevuto indietro la merce o fino a quando lei non avr\u00e0 fornito la prova di aver rispedito la merce, a seconda di quale sia il momento precedente. Lei \u00e8 tenuto a rispedirci o a consegnarci la merce immediatamente e in ogni caso entro e non oltre quattordici giorni dal giorno in cui ci ha comunicato il suo recesso dal presente contratto. Il termine \u00e8 rispettato se lei spedisce la merce prima della scadenza del periodo di quattordici giorni.<br>Lei dovr\u00e0 sostenere i costi diretti della restituzione della merce.<br>Lei \u00e8 responsabile per l&#8217;eventuale perdita di valore della merce solo se tale perdita di valore \u00e8 dovuta a una manipolazione della merce non necessaria per verificarne la natura, le caratteristiche e il funzionamento.    <\/p><p><em>Modulo di recesso tipo<\/em><br>(Se desidera recedere dal contratto, compili questo modulo e lo rispedisca.)<br>\u2013 A [Inserire: nome\/azienda, indirizzo, indirizzo e-mail e, se disponibile, il numero di fax]:<br>\u2013 Con la presente io\/noi (*) recedo\/recediamo dal contratto da me\/noi (*) stipulato per l&#8217;acquisto della seguente merce (*)\/ la fornitura del seguente servizio (*)<br>\u2013 Ordinato il (*)\/ricevuto il (*)<br>\u2013 Nome del\/dei consumatore(i)<br>\u2013 Indirizzo del\/dei consumatore(i)<br>\u2013 Firma del\/dei consumatore(i) (solo in caso di comunicazione su carta)<br>\u2013 Data<br>\u2014\u2014\u2014\u2014\u2014\u2014\u2014\u2014\u2014\u2014\u2014\u2014\u2014<br>(*) Cancellare la dicitura inutile.<\/p><p><em>Esclusione o estinzione anticipata del diritto di recesso<br>Il diritto di recesso non sussiste per i contratti<\/em><br>per la fornitura di beni non prefabbricati e per la cui produzione \u00e8 determinante una selezione o determinazione individuale da parte del consumatore o che sono chiaramente adattati alle esigenze personali del consumatore;<br>per la fornitura di beni che possono deteriorarsi rapidamente o la cui data di scadenza verrebbe rapidamente superata;<br>per la fornitura di bevande alcoliche il cui prezzo \u00e8 stato concordato al momento della conclusione del contratto, ma che possono essere consegnate non prima di 30 giorni dopo la conclusione del contratto e il cui valore attuale dipende dalle fluttuazioni del mercato su cui l&#8217;imprenditore non ha alcuna influenza;<br>per la fornitura di giornali, riviste o illustrati ad eccezione dei contratti di abbonamento.<br>Il diritto di recesso si estingue anticipatamente per i contratti<br>per la fornitura di beni sigillati che non sono idonei alla restituzione per motivi di protezione della salute o di igiene se il loro sigillo \u00e8 stato rimosso dopo la consegna;<br>per la fornitura di beni se questi sono stati mescolati in modo inseparabile con altri beni dopo la consegna a causa della loro natura;<br>per la fornitura di registrazioni audio o video o software per computer in una confezione sigillata se il sigillo \u00e8 stato rimosso dopo la consegna.<\/p><p><strong>Informativa sul recesso per i consumatori per un contratto relativo alla fornitura di un bene in pi\u00f9 consegne parziali o pezzi<\/strong><\/p><p><em>Informativa sul recesso<\/em><br>Per consumatore si intende qualsiasi persona fisica che conclude un negozio giuridico per scopi che non possono essere attribuiti prevalentemente alla sua attivit\u00e0 commerciale o professionale autonoma.<\/p><p><em>Diritto di recesso<\/em><br>Lei ha il diritto di recedere dal presente contratto entro quattordici giorni senza indicarne le ragioni. Il periodo di recesso \u00e8 di quattordici giorni dal giorno in cui lei o un terzo da lei designato, che non sia il vettore, ha preso possesso dell&#8217;ultima spedizione parziale o dell&#8217;ultimo pezzo. Per esercitare il suo diritto di recesso, deve informarci ([Inserire: nome\/azienda, indirizzo, numero di telefono e indirizzo e-mail. Pu\u00f2 anche utilizzare lo shortcode per questo e memorizzare l&#8217;indirizzo nelle impostazioni.]) mediante una dichiarazione univoca (ad esempio, una lettera inviata per posta o un&#8217;e-mail) della sua decisione di recedere dal presente contratto. A tal fine, pu\u00f2 utilizzare il modulo di recesso allegato, che tuttavia non \u00e8 obbligatorio. Per rispettare il termine di recesso, \u00e8 sufficiente che lei invii la comunicazione relativa all&#8217;esercizio del diritto di recesso prima della scadenza del periodo di recesso.    <\/p><p><em>Conseguenze del recesso<\/em><br>Se lei recede dal presente contratto, le rimborseremo tutti i pagamenti che abbiamo ricevuto da lei, compresi i costi di spedizione (ad eccezione dei costi aggiuntivi derivanti dal fatto che lei ha scelto un tipo di consegna diverso dalla consegna standard pi\u00f9 economica da noi offerta), immediatamente e al pi\u00f9 tardi entro quattordici giorni dal giorno in cui abbiamo ricevuto la comunicazione del suo recesso dal presente contratto. Per questo rimborso, utilizziamo lo stesso mezzo di pagamento che lei ha utilizzato per la transazione originale, a meno che non sia stato espressamente concordato diversamente con lei; in nessun caso le verranno addebitate commissioni per questo rimborso. Possiamo rifiutare il rimborso fino a quando non avremo ricevuto indietro la merce o fino a quando lei non avr\u00e0 fornito la prova di aver rispedito la merce, a seconda di quale sia il momento precedente. Lei \u00e8 tenuto a rispedirci o a consegnarci la merce immediatamente e in ogni caso entro e non oltre quattordici giorni dal giorno in cui ci ha comunicato il suo recesso dal presente contratto. Il termine \u00e8 rispettato se lei spedisce la merce prima della scadenza del periodo di quattordici giorni.<br>Lei dovr\u00e0 sostenere i costi diretti della restituzione della merce.<br>Lei \u00e8 responsabile per l&#8217;eventuale perdita di valore della merce solo se tale perdita di valore \u00e8 dovuta a una manipolazione della merce non necessaria per verificarne la natura, le caratteristiche e il funzionamento.    <\/p><p><em>Modulo di recesso tipo<\/em><br>(Se desidera recedere dal contratto, compili questo modulo e lo rispedisca.)<br>\u2013 A [Inserire: nome\/azienda, indirizzo, indirizzo e-mail e, se disponibile, il numero di fax]:<br>\u2013 Con la presente io\/noi (*) recedo\/recediamo dal contratto da me\/noi (*) stipulato per l&#8217;acquisto della seguente merce (*)\/ la fornitura del seguente servizio (*)<br>\u2013 Ordinato il (*)\/ricevuto il (*)<br>\u2013 Nome del\/dei consumatore(i)<br>\u2013 Indirizzo del\/dei consumatore(i)<br>\u2013 Firma del\/dei consumatore(i) (solo in caso di comunicazione su carta)<br>\u2013 Data<br>\u2014\u2014\u2014\u2014\u2014\u2014\u2014\u2014\u2014\u2014\u2014\u2014\u2014<br>(*) Cancellare la dicitura inutile.<\/p><p><em>Esclusione o estinzione anticipata del diritto di recesso<br>Il diritto di recesso non sussiste per i contratti<\/em><br>per la fornitura di beni non prefabbricati e per la cui produzione \u00e8 determinante una selezione o determinazione individuale da parte del consumatore o che sono chiaramente adattati alle esigenze personali del consumatore;<br>per la fornitura di beni che possono deteriorarsi rapidamente o la cui data di scadenza verrebbe rapidamente superata;<br>per la fornitura di bevande alcoliche il cui prezzo \u00e8 stato concordato al momento della conclusione del contratto, ma che possono essere consegnate non prima di 30 giorni dopo la conclusione del contratto e il cui valore attuale dipende dalle fluttuazioni del mercato su cui l&#8217;imprenditore non ha alcuna influenza;<br>per la fornitura di giornali, riviste o illustrati ad eccezione dei contratti di abbonamento.<br>Il diritto di recesso si estingue anticipatamente per i contratti<br>per la fornitura di beni sigillati che non sono idonei alla restituzione per motivi di protezione della salute o di igiene se il loro sigillo \u00e8 stato rimosso dopo la consegna;<br>per la fornitura di beni se questi sono stati mescolati in modo inseparabile con altri beni dopo la consegna a causa della loro natura;<br>per la fornitura di registrazioni audio o video o software per computer in una confezione sigillata se il sigillo \u00e8 stato rimosso dopo la consegna.<\/p><p><strong>Informativa sul recesso per i consumatori per un contratto relativo alla fornitura periodica di beni per un periodo di tempo determinato<\/strong><\/p><p><em>Informativa sul recesso<\/em><br>Per consumatore si intende qualsiasi persona fisica che conclude un negozio giuridico per scopi che non possono essere attribuiti prevalentemente alla sua attivit\u00e0 commerciale o professionale autonoma.<\/p><p><em>Diritto di recesso<\/em><br>Lei ha il diritto di recedere dal presente contratto entro quattordici giorni senza indicarne le ragioni. Il periodo di recesso \u00e8 di quattordici giorni dal giorno in cui lei o un terzo da lei designato, che non sia il vettore, ha preso possesso del primo bene. Per esercitare il suo diritto di recesso, deve informarci ([Inserire: nome\/azienda, indirizzo, numero di telefono e indirizzo e-mail. Pu\u00f2 anche utilizzare lo shortcode per questo e memorizzare l&#8217;indirizzo nelle impostazioni.]) mediante una dichiarazione univoca (ad esempio, una lettera inviata per posta o un&#8217;e-mail) della sua decisione di recedere dal presente contratto. A tal fine, pu\u00f2 utilizzare il modulo di recesso allegato, che tuttavia non \u00e8 obbligatorio. Per rispettare il termine di recesso, \u00e8 sufficiente che lei invii la comunicazione relativa all&#8217;esercizio del diritto di recesso prima della scadenza del periodo di recesso.    <\/p><p><em>Conseguenze del recesso<\/em><br>In caso di recesso dal presente contratto, siamo tenuti a rimborsare tutti i pagamenti che abbiamo ricevuto da lei, comprese le spese di spedizione (ad eccezione dei costi aggiuntivi derivanti dalla sua scelta di un tipo di consegna diverso dalla consegna standard pi\u00f9 economica da noi offerta), immediatamente e al pi\u00f9 tardi entro quattordici giorni dal giorno in cui abbiamo ricevuto la comunicazione del suo recesso dal presente contratto. Per questo rimborso utilizziamo lo stesso mezzo di pagamento che ha utilizzato per la transazione originale, a meno che non sia stato espressamente concordato diversamente con lei; in nessun caso le saranno addebitate commissioni per questo rimborso. Possiamo rifiutare il rimborso fino a quando non avremo ricevuto la merce indietro o fino a quando lei non avr\u00e0 fornito la prova di aver rispedito la merce, a seconda di quale dei due eventi si verifica per primo. Lei \u00e8 tenuto a rispedirci o consegnarci la merce immediatamente e in ogni caso entro e non oltre quattordici giorni dal giorno in cui ci ha comunicato il suo recesso dal presente contratto. Il termine \u00e8 rispettato se spedisce la merce prima della scadenza del termine di quattordici giorni.<br>Lei \u00e8 responsabile dei costi diretti della restituzione della merce.<br>Lei \u00e8 tenuto a rispondere di un&#8217;eventuale perdita di valore della merce solo se tale perdita di valore \u00e8 dovuta a una manipolazione non necessaria per la verifica della natura, delle caratteristiche e del funzionamento della merce stessa.    <\/p><p><em>Modulo di recesso tipo<\/em><br>(Se desidera recedere dal contratto, compili questo modulo e lo rispedisca.)<br>\u2013 A [Inserire: nome\/azienda, indirizzo, indirizzo e-mail e, se disponibile, il numero di fax]:<br>\u2013 Con la presente io\/noi (*) recedo\/recediamo (*) dal contratto da me\/noi (*) stipulato per l&#8217;acquisto dei seguenti beni (*)\/ la fornitura del seguente servizio (*)<br>\u2013 Ordinato il (*)\/ricevuto il (*)<br>\u2013 Nome del\/dei consumatore(i)<br>\u2013 Indirizzo del\/dei consumatore(i)<br>\u2013 Firma del\/dei consumatore(i) (solo in caso di comunicazione su carta)<br>\u2013 Data<br>\u2014\u2014\u2014\u2014\u2014\u2014\u2014\u2014\u2014\u2014\u2014\u2014\u2014<br>(*) Cancellare la dicitura inutile<\/p><p><em>Esclusione o estinzione anticipata del diritto di recesso<br>Il diritto di recesso non sussiste per i contratti<\/em><br>per la fornitura di beni non prefabbricati e per la cui fabbricazione \u00e8 determinante una scelta o determinazione individuale da parte del consumatore o che sono chiaramente adattati alle esigenze personali del consumatore;<br>per la fornitura di beni che possono deteriorarsi rapidamente o la cui data di scadenza verrebbe rapidamente superata;<br>per la fornitura di bevande alcoliche, il cui prezzo \u00e8 stato concordato al momento della conclusione del contratto, ma che possono essere consegnate non prima di 30 giorni dopo la conclusione del contratto e il cui valore attuale dipende dalle fluttuazioni del mercato su cui l&#8217;imprenditore non ha alcun controllo;<br>per la fornitura di giornali, riviste o periodici, ad eccezione dei contratti di abbonamento.<br>Il diritto di recesso si estingue anticipatamente per i contratti<br>per la fornitura di beni sigillati che non si prestano alla restituzione per motivi di tutela della salute o di igiene e che sono stati aperti dopo la consegna;<br>per la fornitura di beni che, dopo la consegna, risultano inscindibilmente mescolati con altri beni a causa della loro natura;<br>per la fornitura di registrazioni audio o video o software per computer in una confezione sigillata, se il sigillo \u00e8 stato rimosso dopo la consegna.<\/p>\t\t\t\t\t\t\t\t<\/div>\n\t\t\t\t\t<\/div>\n\t\t\t\t<\/div>\n\t\t\t\t<\/div>\n\t\t","protected":false},"excerpt":{"rendered":"<p>Recesso Nota sulla responsabilit\u00e0: il seguente modello \u00e8 stato creato da un avvocato (https:\/\/drschwenke.de) in conformit\u00e0 con i requisiti tipici di un negozio online. Tuttavia, si consiglia di utilizzare il modello solo dopo aver attentamente esaminato e adattato al proprio specifico modello di business. Il seguente modello contiene quindi ulteriori note che \u00e8 necessario osservare [&hellip;]<\/p>\n","protected":false},"author":1,"featured_media":0,"parent":0,"menu_order":0,"comment_status":"closed","ping_status":"closed","template":"","meta":{"inline_featured_image":false,"footnotes":""},"class_list":["post-826","page","type-page","status-publish","hentry"],"_links":{"self":[{"href":"https:\/\/prowein.shop\/it\/wp-json\/wp\/v2\/pages\/826","targetHints":{"allow":["GET"]}}],"collection":[{"href":"https:\/\/prowein.shop\/it\/wp-json\/wp\/v2\/pages"}],"about":[{"href":"https:\/\/prowein.shop\/it\/wp-json\/wp\/v2\/types\/page"}],"author":[{"embeddable":true,"href":"https:\/\/prowein.shop\/it\/wp-json\/wp\/v2\/users\/1"}],"replies":[{"embeddable":true,"href":"https:\/\/prowein.shop\/it\/wp-json\/wp\/v2\/comments?post=826"}],"version-history":[{"count":1,"href":"https:\/\/prowein.shop\/it\/wp-json\/wp\/v2\/pages\/826\/revisions"}],"predecessor-version":[{"id":827,"href":"https:\/\/prowein.shop\/it\/wp-json\/wp\/v2\/pages\/826\/revisions\/827"}],"wp:attachment":[{"href":"https:\/\/prowein.shop\/it\/wp-json\/wp\/v2\/media?parent=826"}],"curies":[{"name":"wp","href":"https:\/\/api.w.org\/{rel}","templated":true}]}}